{"id":761,"date":"2024-05-07T08:14:21","date_gmt":"2024-05-07T12:14:21","guid":{"rendered":"https:\/\/anneturcotte.evquebec.com\/properties\/"},"modified":"2024-07-25T14:41:48","modified_gmt":"2024-07-25T18:41:48","slug":"properties","status":"publish","type":"page","link":"https:\/\/anneturcotte.evquebec.com\/en\/properties\/","title":{"rendered":"Properties"},"content":{"rendered":"\t\t<div data-elementor-type=\"wp-page\" data-elementor-id=\"761\" class=\"elementor elementor-761 elementor-691\" data-elementor-post-type=\"page\">\n\t\t\t\t<div class=\"elementor-element elementor-element-8963704 e-flex e-con-boxed e-con e-parent\" data-id=\"8963704\" data-element_type=\"container\" data-e-type=\"container\">\n\t\t\t\t\t<div class=\"e-con-inner\">\n\t\t\t\t<div class=\"elementor-element elementor-element-530864c elementor-widget elementor-widget-heading\" data-id=\"530864c\" data-element_type=\"widget\" data-e-type=\"widget\" data-widget_type=\"heading.default\">\n\t\t\t\t<div class=\"elementor-widget-container\">\n\t\t\t\t\t<h3 class=\"elementor-heading-title elementor-size-default\">Our listings<\/h3>\t\t\t\t<\/div>\n\t\t\t\t<\/div>\n\t\t\t\t<div class=\"elementor-element elementor-element-68e08c7 elementor-widget elementor-widget-listing_grid\" data-id=\"68e08c7\" data-element_type=\"widget\" data-e-type=\"widget\" data-widget_type=\"listing_grid.default\">\n\t\t\t\t<div class=\"elementor-widget-container\">\n\t\t\t\t\t        <div id=\"react_public-listings\"\n             class=\"evq-elementor-widget evq-listing_grid\"\n             data-ewidget_name=\"listing_grid\"\n        ><\/div>\n        <script>\n            \/\/ those vars are already in proper JSON format since we omitted `htmlspecialchars`\n            window.zdata = {\n                lang: \"en\",\n                rest_nonce: \"\",\n                rest_url: \"https:\/\/anneturcotte.evquebec.com\/en\/wp-json\/\",\n                upload_url: \"https:\/\/anneturcotte.evquebec.com\/wp-content\/uploads\",\n                upload_full: {\"path\":\"\\\/sites\\\/anneturcotte.evquebec.com\\\/files\\\/wp-content\\\/uploads\\\/2026\\\/04\",\"url\":\"https:\\\/\\\/anneturcotte.evquebec.com\\\/wp-content\\\/uploads\\\/2026\\\/04\",\"subdir\":\"\\\/2026\\\/04\",\"basedir\":\"\\\/sites\\\/anneturcotte.evquebec.com\\\/files\\\/wp-content\\\/uploads\",\"baseurl\":\"https:\\\/\\\/anneturcotte.evquebec.com\\\/wp-content\\\/uploads\",\"error\":false},\n                translations: {\"texte1\":\"Texte 1\",\"texte2\":\"Texte 2\"},\n                paginate: true,\n                counter: true,\n                per_page: 18,\n                random: false,\n                threshold_price: null,\n                filter: true,\n                search: true,\n                sorting: true,\n                gmaps: true,\n                broker_id: null,\n                url_listing_single: \"https:\/\/anneturcotte.evquebec.com\/propriete\/\",\n                url_listing_all: \"https:\/\/anneturcotte.evquebec.com\/proprietes\/\"\n            }\n        <\/script>\n        \t\t\t\t<\/div>\n\t\t\t\t<\/div>\n\t\t\t\t\t<\/div>\n\t\t\t\t<\/div>\n\t\t\t\t<\/div>\n\t\t","protected":false},"excerpt":{"rendered":"<p>Our listings<\/p>\n","protected":false},"author":1,"featured_media":0,"parent":0,"menu_order":0,"comment_status":"closed","ping_status":"closed","template":"","meta":{"_acf_changed":false,"site-sidebar-layout":"no-sidebar","site-content-layout":"","ast-site-content-layout":"full-width-container","site-content-style":"default","site-sidebar-style":"default","ast-global-header-display":"","ast-banner-title-visibility":"","ast-main-header-display":"","ast-hfb-above-header-display":"","ast-hfb-below-header-display":"","ast-hfb-mobile-header-display":"","site-post-title":"disabled","ast-breadcrumbs-content":"","ast-featured-img":"disabled","footer-sml-layout":"","ast-disable-related-posts":"","theme-transparent-header-meta":"","adv-header-id-meta":"","stick-header-meta":"","header-above-stick-meta":"","header-main-stick-meta":"","header-below-stick-meta":"","astra-migrate-meta-layouts":"default","ast-page-background-enabled":"default","ast-page-background-meta":{"desktop":{"background-color":"var(--ast-global-color-4)","background-image":"","background-repeat":"repeat","background-position":"center center","background-size":"auto","background-attachment":"scroll","background-type":"","background-media":"","overlay-type":"","overlay-color":"","overlay-opacity":"","overlay-gradient":""},"tablet":{"background-color":"","background-image":"","background-repeat":"repeat","background-position":"center center","background-size":"auto","background-attachment":"scroll","background-type":"","background-media":"","overlay-type":"","overlay-color":"","overlay-opacity":"","overlay-gradient":""},"mobile":{"background-color":"","background-image":"","background-repeat":"repeat","background-position":"center center","background-size":"auto","background-attachment":"scroll","background-type":"","background-media":"","overlay-type":"","overlay-color":"","overlay-opacity":"","overlay-gradient":""}},"ast-content-background-meta":{"desktop":{"background-color":"var(--ast-global-color-5)","background-image":"","background-repeat":"repeat","background-position":"center center","background-size":"auto","background-attachment":"scroll","background-type":"","background-media":"","overlay-type":"","overlay-color":"","overlay-opacity":"","overlay-gradient":""},"tablet":{"background-color":"var(--ast-global-color-5)","background-image":"","background-repeat":"repeat","background-position":"center center","background-size":"auto","background-attachment":"scroll","background-type":"","background-media":"","overlay-type":"","overlay-color":"","overlay-opacity":"","overlay-gradient":""},"mobile":{"background-color":"var(--ast-global-color-5)","background-image":"","background-repeat":"repeat","background-position":"center center","background-size":"auto","background-attachment":"scroll","background-type":"","background-media":"","overlay-type":"","overlay-color":"","overlay-opacity":"","overlay-gradient":""}},"footnotes":""},"class_list":["post-761","page","type-page","status-publish","hentry"],"acf":[],"yoast_head":"<!-- This site is optimized with the Yoast SEO plugin v27.4 - https:\/\/yoast.com\/product\/yoast-seo-wordpress\/ -->\n<title>Maisons condos \u00e0 vendre - Propri\u00e9t\u00e9s de luxe - Engel V\u00f6lkers Quebec<\/title>\n<meta name=\"description\" content=\"Consultez la liste compl\u00e8te des propri\u00e9t\u00e9s r\u00e9sidentielles\/commerciales \u00e0 vendre par Anne Turcotte et son \u00e9quipe familiale, courtiers d&#039;Engel V\u00f6lkers Quebec.\" \/>\n<meta name=\"robots\" content=\"index, follow, max-snippet:-1, max-image-preview:large, max-video-preview:-1\" \/>\n<link rel=\"canonical\" href=\"https:\/\/anneturcotte.evquebec.com\/en\/properties\/\" \/>\n<meta property=\"og:locale\" content=\"en_US\" \/>\n<meta property=\"og:type\" content=\"article\" \/>\n<meta property=\"og:title\" content=\"Maisons condos \u00e0 vendre - Propri\u00e9t\u00e9s de luxe - Engel V\u00f6lkers Quebec\" \/>\n<meta property=\"og:description\" content=\"Consultez la liste compl\u00e8te des propri\u00e9t\u00e9s r\u00e9sidentielles\/commerciales \u00e0 vendre par Anne Turcotte et son \u00e9quipe familiale, courtiers d&#039;Engel V\u00f6lkers Quebec.\" \/>\n<meta property=\"og:url\" content=\"https:\/\/anneturcotte.evquebec.com\/en\/properties\/\" \/>\n<meta property=\"og:site_name\" content=\"Engel &amp; V\u00f6lkers Quebec - Private Office - Anne Turcotte\" \/>\n<meta property=\"article:publisher\" content=\"https:\/\/www.facebook.com\/AnneTurcotteetAlexandreBoutet\/?locale=fr_CA\" \/>\n<meta property=\"article:modified_time\" content=\"2024-07-25T18:41:48+00:00\" \/>\n<meta property=\"og:image\" content=\"https:\/\/anneturcotte.evquebec.com\/wp-content\/uploads\/2024\/11\/facade-engel-volkers.webp\" \/>\n\t<meta property=\"og:image:width\" content=\"1920\" \/>\n\t<meta property=\"og:image:height\" content=\"850\" \/>\n\t<meta property=\"og:image:type\" content=\"image\/webp\" \/>\n<meta name=\"twitter:card\" content=\"summary_large_image\" \/>\n<meta name=\"twitter:label1\" content=\"Est. reading time\" \/>\n\t<meta name=\"twitter:data1\" content=\"1 minute\" \/>\n<script type=\"application\/ld+json\" class=\"yoast-schema-graph\">{\"@context\":\"https:\\\/\\\/schema.org\",\"@graph\":[{\"@type\":[\"WebPage\",\"CollectionPage\"],\"@id\":\"https:\\\/\\\/anneturcotte.evquebec.com\\\/en\\\/properties\\\/\",\"url\":\"https:\\\/\\\/anneturcotte.evquebec.com\\\/en\\\/properties\\\/\",\"name\":\"Maisons condos \u00e0 vendre - Propri\u00e9t\u00e9s de luxe - Engel V\u00f6lkers Quebec\",\"isPartOf\":{\"@id\":\"https:\\\/\\\/anneturcotte.evquebec.com\\\/en\\\/#website\"},\"datePublished\":\"2024-05-07T12:14:21+00:00\",\"dateModified\":\"2024-07-25T18:41:48+00:00\",\"description\":\"Consultez la liste compl\u00e8te des propri\u00e9t\u00e9s r\u00e9sidentielles\\\/commerciales \u00e0 vendre par Anne Turcotte et son \u00e9quipe familiale, courtiers d'Engel V\u00f6lkers Quebec.\",\"breadcrumb\":{\"@id\":\"https:\\\/\\\/anneturcotte.evquebec.com\\\/en\\\/properties\\\/#breadcrumb\"},\"inLanguage\":\"en-US\"},{\"@type\":\"BreadcrumbList\",\"@id\":\"https:\\\/\\\/anneturcotte.evquebec.com\\\/en\\\/properties\\\/#breadcrumb\",\"itemListElement\":[{\"@type\":\"ListItem\",\"position\":1,\"name\":\"Accueil\",\"item\":\"https:\\\/\\\/anneturcotte.evquebec.com\\\/en\\\/home\\\/\"},{\"@type\":\"ListItem\",\"position\":2,\"name\":\"Properties\"}]},{\"@type\":\"WebSite\",\"@id\":\"https:\\\/\\\/anneturcotte.evquebec.com\\\/en\\\/#website\",\"url\":\"https:\\\/\\\/anneturcotte.evquebec.com\\\/en\\\/\",\"name\":\"Engel & V\u00f6lkers Quebec - Private Office - Anne Turcotte\",\"description\":\"\",\"publisher\":{\"@id\":\"https:\\\/\\\/anneturcotte.evquebec.com\\\/en\\\/#organization\"},\"potentialAction\":[{\"@type\":\"SearchAction\",\"target\":{\"@type\":\"EntryPoint\",\"urlTemplate\":\"https:\\\/\\\/anneturcotte.evquebec.com\\\/en\\\/?s={search_term_string}\"},\"query-input\":{\"@type\":\"PropertyValueSpecification\",\"valueRequired\":true,\"valueName\":\"search_term_string\"}}],\"inLanguage\":\"en-US\"},{\"@type\":\"Organization\",\"@id\":\"https:\\\/\\\/anneturcotte.evquebec.com\\\/en\\\/#organization\",\"name\":\"Engel & V\u00f6lkers Quebec - Private Office - Anne Turcotte\",\"url\":\"https:\\\/\\\/anneturcotte.evquebec.com\\\/en\\\/\",\"logo\":{\"@type\":\"ImageObject\",\"inLanguage\":\"en-US\",\"@id\":\"https:\\\/\\\/anneturcotte.evquebec.com\\\/en\\\/#\\\/schema\\\/logo\\\/image\\\/\",\"url\":\"https:\\\/\\\/anneturcotte.evquebec.com\\\/wp-content\\\/uploads\\\/2024\\\/05\\\/EV_PRIVATE_OFFICE_Logo_2L_RGB_crest.svg\",\"contentUrl\":\"https:\\\/\\\/anneturcotte.evquebec.com\\\/wp-content\\\/uploads\\\/2024\\\/05\\\/EV_PRIVATE_OFFICE_Logo_2L_RGB_crest.svg\",\"caption\":\"Engel & V\u00f6lkers Quebec - Private Office - Anne Turcotte\"},\"image\":{\"@id\":\"https:\\\/\\\/anneturcotte.evquebec.com\\\/en\\\/#\\\/schema\\\/logo\\\/image\\\/\"},\"sameAs\":[\"https:\\\/\\\/www.facebook.com\\\/AnneTurcotteetAlexandreBoutet\\\/?locale=fr_CA\",\"https:\\\/\\\/www.linkedin.com\\\/in\\\/anne-turcotte-a64baa34\\\/?originalSubdomain=ca\",\"https:\\\/\\\/www.instagram.com\\\/anneturcottealexandreboutet\\\/\"]}]}<\/script>\n<!-- \/ Yoast SEO plugin. -->","yoast_head_json":{"title":"Maisons condos \u00e0 vendre - Propri\u00e9t\u00e9s de luxe - Engel V\u00f6lkers Quebec","description":"Consultez la liste compl\u00e8te des propri\u00e9t\u00e9s r\u00e9sidentielles\/commerciales \u00e0 vendre par Anne Turcotte et son \u00e9quipe familiale, courtiers d'Engel V\u00f6lkers Quebec.","robots":{"index":"index","follow":"follow","max-snippet":"max-snippet:-1","max-image-preview":"max-image-preview:large","max-video-preview":"max-video-preview:-1"},"canonical":"https:\/\/anneturcotte.evquebec.com\/en\/properties\/","og_locale":"en_US","og_type":"article","og_title":"Maisons condos \u00e0 vendre - Propri\u00e9t\u00e9s de luxe - Engel V\u00f6lkers Quebec","og_description":"Consultez la liste compl\u00e8te des propri\u00e9t\u00e9s r\u00e9sidentielles\/commerciales \u00e0 vendre par Anne Turcotte et son \u00e9quipe familiale, courtiers d'Engel V\u00f6lkers Quebec.","og_url":"https:\/\/anneturcotte.evquebec.com\/en\/properties\/","og_site_name":"Engel &amp; V\u00f6lkers Quebec - Private Office - Anne Turcotte","article_publisher":"https:\/\/www.facebook.com\/AnneTurcotteetAlexandreBoutet\/?locale=fr_CA","article_modified_time":"2024-07-25T18:41:48+00:00","og_image":[{"width":1920,"height":850,"url":"https:\/\/anneturcotte.evquebec.com\/wp-content\/uploads\/2024\/11\/facade-engel-volkers.webp","type":"image\/webp"}],"twitter_card":"summary_large_image","twitter_misc":{"Est. reading time":"1 minute"},"schema":{"@context":"https:\/\/schema.org","@graph":[{"@type":["WebPage","CollectionPage"],"@id":"https:\/\/anneturcotte.evquebec.com\/en\/properties\/","url":"https:\/\/anneturcotte.evquebec.com\/en\/properties\/","name":"Maisons condos \u00e0 vendre - Propri\u00e9t\u00e9s de luxe - Engel V\u00f6lkers Quebec","isPartOf":{"@id":"https:\/\/anneturcotte.evquebec.com\/en\/#website"},"datePublished":"2024-05-07T12:14:21+00:00","dateModified":"2024-07-25T18:41:48+00:00","description":"Consultez la liste compl\u00e8te des propri\u00e9t\u00e9s r\u00e9sidentielles\/commerciales \u00e0 vendre par Anne Turcotte et son \u00e9quipe familiale, courtiers d'Engel V\u00f6lkers Quebec.","breadcrumb":{"@id":"https:\/\/anneturcotte.evquebec.com\/en\/properties\/#breadcrumb"},"inLanguage":"en-US"},{"@type":"BreadcrumbList","@id":"https:\/\/anneturcotte.evquebec.com\/en\/properties\/#breadcrumb","itemListElement":[{"@type":"ListItem","position":1,"name":"Accueil","item":"https:\/\/anneturcotte.evquebec.com\/en\/home\/"},{"@type":"ListItem","position":2,"name":"Properties"}]},{"@type":"WebSite","@id":"https:\/\/anneturcotte.evquebec.com\/en\/#website","url":"https:\/\/anneturcotte.evquebec.com\/en\/","name":"Engel & V\u00f6lkers Quebec - Private Office - Anne Turcotte","description":"","publisher":{"@id":"https:\/\/anneturcotte.evquebec.com\/en\/#organization"},"potentialAction":[{"@type":"SearchAction","target":{"@type":"EntryPoint","urlTemplate":"https:\/\/anneturcotte.evquebec.com\/en\/?s={search_term_string}"},"query-input":{"@type":"PropertyValueSpecification","valueRequired":true,"valueName":"search_term_string"}}],"inLanguage":"en-US"},{"@type":"Organization","@id":"https:\/\/anneturcotte.evquebec.com\/en\/#organization","name":"Engel & V\u00f6lkers Quebec - Private Office - Anne Turcotte","url":"https:\/\/anneturcotte.evquebec.com\/en\/","logo":{"@type":"ImageObject","inLanguage":"en-US","@id":"https:\/\/anneturcotte.evquebec.com\/en\/#\/schema\/logo\/image\/","url":"https:\/\/anneturcotte.evquebec.com\/wp-content\/uploads\/2024\/05\/EV_PRIVATE_OFFICE_Logo_2L_RGB_crest.svg","contentUrl":"https:\/\/anneturcotte.evquebec.com\/wp-content\/uploads\/2024\/05\/EV_PRIVATE_OFFICE_Logo_2L_RGB_crest.svg","caption":"Engel & V\u00f6lkers Quebec - Private Office - Anne Turcotte"},"image":{"@id":"https:\/\/anneturcotte.evquebec.com\/en\/#\/schema\/logo\/image\/"},"sameAs":["https:\/\/www.facebook.com\/AnneTurcotteetAlexandreBoutet\/?locale=fr_CA","https:\/\/www.linkedin.com\/in\/anne-turcotte-a64baa34\/?originalSubdomain=ca","https:\/\/www.instagram.com\/anneturcottealexandreboutet\/"]}]}},"_links":{"self":[{"href":"https:\/\/anneturcotte.evquebec.com\/en\/wp-json\/wp\/v2\/pages\/761","targetHints":{"allow":["GET"]}}],"collection":[{"href":"https:\/\/anneturcotte.evquebec.com\/en\/wp-json\/wp\/v2\/pages"}],"about":[{"href":"https:\/\/anneturcotte.evquebec.com\/en\/wp-json\/wp\/v2\/types\/page"}],"author":[{"embeddable":true,"href":"https:\/\/anneturcotte.evquebec.com\/en\/wp-json\/wp\/v2\/users\/1"}],"replies":[{"embeddable":true,"href":"https:\/\/anneturcotte.evquebec.com\/en\/wp-json\/wp\/v2\/comments?post=761"}],"version-history":[{"count":1,"href":"https:\/\/anneturcotte.evquebec.com\/en\/wp-json\/wp\/v2\/pages\/761\/revisions"}],"predecessor-version":[{"id":2394,"href":"https:\/\/anneturcotte.evquebec.com\/en\/wp-json\/wp\/v2\/pages\/761\/revisions\/2394"}],"wp:attachment":[{"href":"https:\/\/anneturcotte.evquebec.com\/en\/wp-json\/wp\/v2\/media?parent=761"}],"curies":[{"name":"wp","href":"https:\/\/api.w.org\/{rel}","templated":true}]}}